{"id":84,"date":"2020-04-20T22:10:28","date_gmt":"2020-04-20T22:10:28","guid":{"rendered":"http:\/\/wp.kindergarten-pusteblume.de\/?page_id=84"},"modified":"2026-01-19T08:19:27","modified_gmt":"2026-01-19T08:19:27","slug":"elterninitiative","status":"publish","type":"page","link":"https:\/\/www.kindergarten-pusteblume.de\/WordPress_01\/?page_id=84","title":{"rendered":"Elterninitiative"},"content":{"rendered":"\n<h2 class=\"wp-block-heading\">Vereinsmitgliedschaft<\/h2>\n\n\n\n<p>Die Kindergarteninitiative Ottobrunn e.V. legt Wert darauf, dass bei Aufnahme eines Kindes in den Kindergarten mindestens ein Erziehungsberechtigter dem Verein beitritt, damit die Idee der Initiatoren, selbst\u00e4ndig f\u00fcr unsere Kinder einen Kindergarten zu betreiben, auch in Zukunft von allen Eltern gemeinsam in die Tat umgesetzt wird. Durch den Vereinsbeitritt wird im \u00dcbrigen auch die rechtliche M\u00f6glichkeit der aktiven Teilnahme an der Gestaltung und der Planung des Kindergartens erworben (Beispiel: Stimmrecht in der Mitgliederversammlung).<\/p>\n\n\n\n<p>Die Vereinsmitglieder erkl\u00e4ren sich mit einer vereinsinternen Ver\u00f6ffentlichung ihrer Namen, Adressen und Telefonnummern einverstanden.<\/p>\n\n\n\n<p>Der j\u00e4hrliche Mitgliedsbeitrag betr\u00e4gt 15\u202f\u20ac pro Vereinsmitglied. Jeder Erziehungsberechtigte gilt als eigenes Vereinsmitglied.<\/p>\n\n\n\n<p>Eine K\u00fcndigung kann nur schriftlich mit einer Frist von 4 Wochen zum Monatsende erfolgen. Eine K\u00fcndigung f\u00fcr die Monate Mai bis einschlie\u00dflich August ist nicht m\u00f6glich. Au\u00dferhalb dieser Fristen bedarf eine K\u00fcndigung der Zustimmung des Vorstands.<br>Mit dem Ausscheiden des letzten aktiven Kindes endet die Vereinsmitgliedschaft automatisch. F\u00fcr Personen ohne aktives Kindergartenkind besteht die M\u00f6glichkeit einer F\u00f6rdermitgliedschaft (ab 20 \u20ac pro Jahr).<\/p>\n\n\n\n<h2 class=\"wp-block-heading\">Elterndienste<\/h2>\n\n\n\n<p>Der Verein erwartet von allen Eltern eine regelm\u00e4\u00dfige Teilnahme an den Elternabenden sowie &#8211; im Rahmen der M\u00f6glichkeiten &#8211; eine aktive Mitarbeit beim Betrieb des Kindergartens.<\/p>\n\n\n\n<p><a rel=\"noreferrer noopener\" target=\"_blank\" href=\"https:\/\/www.kindergarten-pusteblume.de\/doc_public\/Elternaufgaben-2016.pdf\">Liste der Elternaufgaben (Stand 2016)<\/a><\/p>\n\n\n\n<p>Zweimal im Jahr findet an einem Samstag der &#8222;Inititativtag&#8220; statt. An diesem Tag treffen sich alle Eltern (und Kinder) im Kindergarten und reparieren, streichen, putzen, pflanzen und erledigen all das, damit der Kindergarten wieder in neuem Glanz erstrahlen kann.<\/p>\n\n\n\n<p>In der Regel findet der Initiativtag am letzten Samstag vor Beginn der Osterferien und vor Beginn der Herbstferien statt. Genaue Termine werden rechtzeitig bekannt gegeben.<\/p>\n","protected":false},"excerpt":{"rendered":"<p>Vereinsmitgliedschaft Die Kindergarteninitiative Ottobrunn e.V. legt Wert darauf, dass bei Aufnahme eines Kindes in den Kindergarten mindestens ein Erziehungsberechtigter dem Verein beitritt, damit die Idee der Initiatoren, selbst\u00e4ndig f\u00fcr unsere Kinder einen Kindergarten zu betreiben, auch in Zukunft von allen Eltern gemeinsam in die Tat umgesetzt wird. Durch den Vereinsbeitritt wird im \u00dcbrigen auch die &hellip; <\/p>\n<p class=\"link-more\"><a href=\"https:\/\/www.kindergarten-pusteblume.de\/WordPress_01\/?page_id=84\" class=\"more-link\"><span class=\"screen-reader-text\">\u201eElterninitiative\u201c<\/span> weiterlesen<\/a><\/p>\n","protected":false},"author":5,"featured_media":0,"parent":0,"menu_order":0,"comment_status":"closed","ping_status":"closed","template":"","meta":{"footnotes":""},"_links":{"self":[{"href":"https:\/\/www.kindergarten-pusteblume.de\/WordPress_01\/index.php?rest_route=\/wp\/v2\/pages\/84"}],"collection":[{"href":"https:\/\/www.kindergarten-pusteblume.de\/WordPress_01\/index.php?rest_route=\/wp\/v2\/pages"}],"about":[{"href":"https:\/\/www.kindergarten-pusteblume.de\/WordPress_01\/index.php?rest_route=\/wp\/v2\/types\/page"}],"author":[{"embeddable":true,"href":"https:\/\/www.kindergarten-pusteblume.de\/WordPress_01\/index.php?rest_route=\/wp\/v2\/users\/5"}],"replies":[{"embeddable":true,"href":"https:\/\/www.kindergarten-pusteblume.de\/WordPress_01\/index.php?rest_route=%2Fwp%2Fv2%2Fcomments&post=84"}],"version-history":[{"count":8,"href":"https:\/\/www.kindergarten-pusteblume.de\/WordPress_01\/index.php?rest_route=\/wp\/v2\/pages\/84\/revisions"}],"predecessor-version":[{"id":1318,"href":"https:\/\/www.kindergarten-pusteblume.de\/WordPress_01\/index.php?rest_route=\/wp\/v2\/pages\/84\/revisions\/1318"}],"wp:attachment":[{"href":"https:\/\/www.kindergarten-pusteblume.de\/WordPress_01\/index.php?rest_route=%2Fwp%2Fv2%2Fmedia&parent=84"}],"curies":[{"name":"wp","href":"https:\/\/api.w.org\/{rel}","templated":true}]}}