{"id":4,"date":"2020-04-20T20:43:01","date_gmt":"2020-04-20T20:43:01","guid":{"rendered":"http:\/\/wp.kindergarten-pusteblume.de\/?page_id=4"},"modified":"2025-10-01T07:36:56","modified_gmt":"2025-10-01T07:36:56","slug":"personal","status":"publish","type":"page","link":"https:\/\/www.kindergarten-pusteblume.de\/WordPress_01\/?page_id=4","title":{"rendered":"Personal"},"content":{"rendered":"\n<p>Unsere Mitarbeiterinnen:<\/p>\n\n\n\n<div class=\"wp-block-media-text alignwide\" style=\"grid-template-columns:26% auto\"><figure class=\"wp-block-media-text__media\"><img loading=\"lazy\" decoding=\"async\" width=\"741\" height=\"1024\" src=\"https:\/\/www.kindergarten-pusteblume.de\/WordPress_01\/wp-content\/uploads\/2020\/04\/Daniela-741x1024.jpg\" alt=\"\" class=\"wp-image-20 size-full\" srcset=\"https:\/\/www.kindergarten-pusteblume.de\/WordPress_01\/wp-content\/uploads\/2020\/04\/Daniela-741x1024.jpg 741w, https:\/\/www.kindergarten-pusteblume.de\/WordPress_01\/wp-content\/uploads\/2020\/04\/Daniela-217x300.jpg 217w, https:\/\/www.kindergarten-pusteblume.de\/WordPress_01\/wp-content\/uploads\/2020\/04\/Daniela-768x1062.jpg 768w, https:\/\/www.kindergarten-pusteblume.de\/WordPress_01\/wp-content\/uploads\/2020\/04\/Daniela-1111x1536.jpg 1111w, https:\/\/www.kindergarten-pusteblume.de\/WordPress_01\/wp-content\/uploads\/2020\/04\/Daniela-1482x2048.jpg 1482w, https:\/\/www.kindergarten-pusteblume.de\/WordPress_01\/wp-content\/uploads\/2020\/04\/Daniela-scaled.jpg 1852w\" sizes=\"(max-width: 706px) 89vw, (max-width: 767px) 82vw, 740px\" \/><\/figure><div class=\"wp-block-media-text__content\">\n<p class=\"has-normal-font-size\"><strong>Frau Daniela Kratzer<\/strong>, Leitung der Einrichtung.<\/p>\n<\/div><\/div>\n\n\n\n<div class=\"wp-block-columns is-layout-flex wp-container-core-columns-is-layout-1 wp-block-columns-is-layout-flex\">\n<div class=\"wp-block-column is-layout-flow wp-block-column-is-layout-flow\" style=\"flex-basis:100%\">\n<div class=\"wp-block-media-text alignwide has-media-on-the-right\" style=\"grid-template-columns:auto 29%\"><div class=\"wp-block-media-text__content\">\n<p class=\"has-normal-font-size\"><strong>Frau Renate Seidel-Pic<\/strong>, staatlich gepr\u00fcfte Erzieherin,  Leiterin der Gruppe &#8222;L\u00f6wenzahn&#8220; und stellvertretende Leitung der Einrichtung.<\/p>\n<\/div><figure class=\"wp-block-media-text__media\"><img loading=\"lazy\" decoding=\"async\" width=\"171\" height=\"238\" src=\"https:\/\/www.kindergarten-pusteblume.de\/WordPress_01\/wp-content\/uploads\/2021\/09\/Renate2-1.jpg\" alt=\"\" class=\"wp-image-480 size-full\"\/><\/figure><\/div>\n<\/div>\n<\/div>\n\n\n\n<div class=\"wp-block-media-text alignwide\" style=\"grid-template-columns:30% auto\"><figure class=\"wp-block-media-text__media\"><img loading=\"lazy\" decoding=\"async\" width=\"1024\" height=\"981\" src=\"https:\/\/www.kindergarten-pusteblume.de\/WordPress_01\/wp-content\/uploads\/2022\/12\/Portrait-1024x981.jpg\" alt=\"\" class=\"wp-image-708 size-full\" srcset=\"https:\/\/www.kindergarten-pusteblume.de\/WordPress_01\/wp-content\/uploads\/2022\/12\/Portrait-1024x981.jpg 1024w, https:\/\/www.kindergarten-pusteblume.de\/WordPress_01\/wp-content\/uploads\/2022\/12\/Portrait-300x287.jpg 300w, https:\/\/www.kindergarten-pusteblume.de\/WordPress_01\/wp-content\/uploads\/2022\/12\/Portrait-768x736.jpg 768w, https:\/\/www.kindergarten-pusteblume.de\/WordPress_01\/wp-content\/uploads\/2022\/12\/Portrait-1536x1472.jpg 1536w, https:\/\/www.kindergarten-pusteblume.de\/WordPress_01\/wp-content\/uploads\/2022\/12\/Portrait-2048x1962.jpg 2048w\" sizes=\"(max-width: 767px) 89vw, (max-width: 1000px) 54vw, (max-width: 1071px) 543px, 580px\" \/><\/figure><div class=\"wp-block-media-text__content\">\n<p style=\"font-size:16px\"><strong>Frau Bettina von Hoyningen-Huene<\/strong>, Dipl. P\u00e4dagogin, Gruppenleitung in der Gruppe &#8222;Seidenpfote&#8220;.<\/p>\n<\/div><\/div>\n\n\n\n<div class=\"wp-block-media-text alignwide has-media-on-the-right\" style=\"grid-template-columns:auto 27%\"><div class=\"wp-block-media-text__content\">\n<p class=\"has-normal-font-size\"><strong>Frau Dragana Uzelac<\/strong>, P\u00e4dagogische Erg\u00e4nzungskraft in der Gruppe &#8222;Seidenpfote&#8220;.<\/p>\n<\/div><figure class=\"wp-block-media-text__media\"><img loading=\"lazy\" decoding=\"async\" width=\"438\" height=\"640\" src=\"https:\/\/www.kindergarten-pusteblume.de\/WordPress_01\/wp-content\/uploads\/2024\/09\/Dragana-Uzelac.jpeg\" alt=\"\" class=\"wp-image-1066 size-full\" srcset=\"https:\/\/www.kindergarten-pusteblume.de\/WordPress_01\/wp-content\/uploads\/2024\/09\/Dragana-Uzelac.jpeg 438w, https:\/\/www.kindergarten-pusteblume.de\/WordPress_01\/wp-content\/uploads\/2024\/09\/Dragana-Uzelac-205x300.jpeg 205w\" sizes=\"(max-width: 438px) 100vw, 438px\" \/><\/figure><\/div>\n\n\n\n<div class=\"wp-block-media-text alignwide\" style=\"grid-template-columns:27% auto\"><figure class=\"wp-block-media-text__media\"><img loading=\"lazy\" decoding=\"async\" width=\"741\" height=\"1024\" src=\"https:\/\/www.kindergarten-pusteblume.de\/WordPress_01\/wp-content\/uploads\/2020\/05\/Brigitte_0026-Portrait.jpg\" alt=\"\" class=\"wp-image-242 size-full\" srcset=\"https:\/\/www.kindergarten-pusteblume.de\/WordPress_01\/wp-content\/uploads\/2020\/05\/Brigitte_0026-Portrait.jpg 741w, https:\/\/www.kindergarten-pusteblume.de\/WordPress_01\/wp-content\/uploads\/2020\/05\/Brigitte_0026-Portrait-217x300.jpg 217w\" sizes=\"(max-width: 706px) 89vw, (max-width: 767px) 82vw, 740px\" \/><\/figure><div class=\"wp-block-media-text__content\">\n<p class=\"has-normal-font-size\"><strong>Frau Brigitte Kausch<\/strong>, staatlich gepr\u00fcfte Erzieherin, Musikexpertin<\/p>\n<\/div><\/div>\n\n\n\n<div class=\"wp-block-media-text alignwide has-media-on-the-right\" style=\"grid-template-columns:auto 30%\"><div class=\"wp-block-media-text__content\">\n<p style=\"font-size:16px\"><strong>Frau Catalina Graml<\/strong>, P\u00e4dagogische Erg\u00e4nzungskraft (in Ausbildung ) in der Gruppe &#8222;L\u00f6wenzahn&#8220; .<\/p>\n<\/div><figure class=\"wp-block-media-text__media\"><img loading=\"lazy\" decoding=\"async\" width=\"358\" height=\"447\" src=\"https:\/\/www.kindergarten-pusteblume.de\/WordPress_01\/wp-content\/uploads\/2024\/09\/catalina.jpg\" alt=\"\" class=\"wp-image-1065 size-full\" srcset=\"https:\/\/www.kindergarten-pusteblume.de\/WordPress_01\/wp-content\/uploads\/2024\/09\/catalina.jpg 358w, https:\/\/www.kindergarten-pusteblume.de\/WordPress_01\/wp-content\/uploads\/2024\/09\/catalina-240x300.jpg 240w\" sizes=\"(max-width: 358px) 100vw, 358px\" \/><\/figure><\/div>\n\n\n\n<p><\/p>\n","protected":false},"excerpt":{"rendered":"<p>Unsere Mitarbeiterinnen: Frau Daniela Kratzer, Leitung der Einrichtung. Frau Renate Seidel-Pic, staatlich gepr\u00fcfte Erzieherin, Leiterin der Gruppe &#8222;L\u00f6wenzahn&#8220; und stellvertretende Leitung der Einrichtung. Frau Bettina von Hoyningen-Huene, Dipl. P\u00e4dagogin, Gruppenleitung in der Gruppe &#8222;Seidenpfote&#8220;. Frau Dragana Uzelac, P\u00e4dagogische Erg\u00e4nzungskraft in der Gruppe &#8222;Seidenpfote&#8220;. Frau Brigitte Kausch, staatlich gepr\u00fcfte Erzieherin, Musikexpertin Frau Catalina Graml, P\u00e4dagogische Erg\u00e4nzungskraft &hellip; <\/p>\n<p class=\"link-more\"><a href=\"https:\/\/www.kindergarten-pusteblume.de\/WordPress_01\/?page_id=4\" class=\"more-link\"><span class=\"screen-reader-text\">\u201ePersonal\u201c<\/span> weiterlesen<\/a><\/p>\n","protected":false},"author":5,"featured_media":0,"parent":13,"menu_order":0,"comment_status":"closed","ping_status":"closed","template":"","meta":{"footnotes":""},"_links":{"self":[{"href":"https:\/\/www.kindergarten-pusteblume.de\/WordPress_01\/index.php?rest_route=\/wp\/v2\/pages\/4"}],"collection":[{"href":"https:\/\/www.kindergarten-pusteblume.de\/WordPress_01\/index.php?rest_route=\/wp\/v2\/pages"}],"about":[{"href":"https:\/\/www.kindergarten-pusteblume.de\/WordPress_01\/index.php?rest_route=\/wp\/v2\/types\/page"}],"author":[{"embeddable":true,"href":"https:\/\/www.kindergarten-pusteblume.de\/WordPress_01\/index.php?rest_route=\/wp\/v2\/users\/5"}],"replies":[{"embeddable":true,"href":"https:\/\/www.kindergarten-pusteblume.de\/WordPress_01\/index.php?rest_route=%2Fwp%2Fv2%2Fcomments&post=4"}],"version-history":[{"count":91,"href":"https:\/\/www.kindergarten-pusteblume.de\/WordPress_01\/index.php?rest_route=\/wp\/v2\/pages\/4\/revisions"}],"predecessor-version":[{"id":1236,"href":"https:\/\/www.kindergarten-pusteblume.de\/WordPress_01\/index.php?rest_route=\/wp\/v2\/pages\/4\/revisions\/1236"}],"up":[{"embeddable":true,"href":"https:\/\/www.kindergarten-pusteblume.de\/WordPress_01\/index.php?rest_route=\/wp\/v2\/pages\/13"}],"wp:attachment":[{"href":"https:\/\/www.kindergarten-pusteblume.de\/WordPress_01\/index.php?rest_route=%2Fwp%2Fv2%2Fmedia&parent=4"}],"curies":[{"name":"wp","href":"https:\/\/api.w.org\/{rel}","templated":true}]}}