{"id":1240,"date":"2025-10-06T13:16:30","date_gmt":"2025-10-06T13:16:30","guid":{"rendered":"https:\/\/www.kindergarten-pusteblume.de\/WordPress_01\/?page_id=1240"},"modified":"2025-10-06T13:26:35","modified_gmt":"2025-10-06T13:26:35","slug":"der-pusteblume-song","status":"publish","type":"page","link":"https:\/\/www.kindergarten-pusteblume.de\/WordPress_01\/?page_id=1240","title":{"rendered":"Der &#8222;Pusteblume&#8220;-Song"},"content":{"rendered":"\n<figure class=\"wp-block-gallery has-nested-images columns-default is-cropped wp-block-gallery-1 is-layout-flex wp-block-gallery-is-layout-flex\">\n<figure class=\"wp-block-image size-large\"><img loading=\"lazy\" decoding=\"async\" width=\"576\" height=\"1024\" data-id=\"1241\" src=\"https:\/\/www.kindergarten-pusteblume.de\/WordPress_01\/wp-content\/uploads\/2025\/10\/Thumbnail-Pusteblume-576x1024.png\" alt=\"\" class=\"wp-image-1241\" srcset=\"https:\/\/www.kindergarten-pusteblume.de\/WordPress_01\/wp-content\/uploads\/2025\/10\/Thumbnail-Pusteblume-576x1024.png 576w, https:\/\/www.kindergarten-pusteblume.de\/WordPress_01\/wp-content\/uploads\/2025\/10\/Thumbnail-Pusteblume-169x300.png 169w, https:\/\/www.kindergarten-pusteblume.de\/WordPress_01\/wp-content\/uploads\/2025\/10\/Thumbnail-Pusteblume-768x1365.png 768w, https:\/\/www.kindergarten-pusteblume.de\/WordPress_01\/wp-content\/uploads\/2025\/10\/Thumbnail-Pusteblume-864x1536.png 864w, https:\/\/www.kindergarten-pusteblume.de\/WordPress_01\/wp-content\/uploads\/2025\/10\/Thumbnail-Pusteblume.png 1080w\" sizes=\"(max-width: 576px) 100vw, 576px\" \/><\/figure>\n<\/figure>\n\n\n\n<figure class=\"wp-block-embed is-type-rich is-provider-handler-einbetten wp-block-embed-handler-einbetten\"><div class=\"wp-block-embed__wrapper\">\n<!--[if lt IE 9]><script>document.createElement('audio');<\/script><![endif]-->\n<audio class=\"wp-audio-shortcode\" id=\"audio-1240-1\" preload=\"none\" style=\"width: 100%;\" controls=\"controls\"><source type=\"audio\/mpeg\" src=\"https:\/\/www.kindergarten-pusteblume.de\/WordPress_01\/wp-content\/uploads\/2025\/10\/Pusteblume-mp3-3.mp3?_=1\" \/><a href=\"https:\/\/www.kindergarten-pusteblume.de\/WordPress_01\/wp-content\/uploads\/2025\/10\/Pusteblume-mp3-3.mp3\">https:\/\/www.kindergarten-pusteblume.de\/WordPress_01\/wp-content\/uploads\/2025\/10\/Pusteblume-mp3-3.mp3<\/a><\/audio>\n<\/div><\/figure>\n\n\n\n<figure class=\"wp-block-embed is-type-rich is-provider-spotify wp-block-embed-spotify wp-embed-aspect-21-9 wp-has-aspect-ratio\"><div class=\"wp-block-embed__wrapper\">\n<iframe title=\"Spotify Embed: Pusteblume\" style=\"border-radius: 12px\" width=\"100%\" height=\"152\" frameborder=\"0\" allowfullscreen allow=\"autoplay; clipboard-write; encrypted-media; fullscreen; picture-in-picture\" loading=\"lazy\" src=\"https:\/\/open.spotify.com\/embed\/track\/58GzSW7siGfzELPro5Dq2F?si=72c931b392364bfb&#038;utm_source=oembed\"><\/iframe>\n<\/div><\/figure>\n\n\n\n<p>Eine Familie aus unserer Elternschaft hat f\u00fcr uns dieses tolle &#8222;Pusteblumen&#8220;-Lied komponiert und aufgenommen. Viel Spa\u00df beim Reinh\u00f6ren \ud83d\ude42<\/p>\n","protected":false},"excerpt":{"rendered":"<p>Eine Familie aus unserer Elternschaft hat f\u00fcr uns dieses tolle &#8222;Pusteblumen&#8220;-Lied komponiert und aufgenommen. Viel Spa\u00df beim Reinh\u00f6ren \ud83d\ude42<\/p>\n","protected":false},"author":5,"featured_media":0,"parent":0,"menu_order":0,"comment_status":"closed","ping_status":"closed","template":"","meta":{"footnotes":""},"_links":{"self":[{"href":"https:\/\/www.kindergarten-pusteblume.de\/WordPress_01\/index.php?rest_route=\/wp\/v2\/pages\/1240"}],"collection":[{"href":"https:\/\/www.kindergarten-pusteblume.de\/WordPress_01\/index.php?rest_route=\/wp\/v2\/pages"}],"about":[{"href":"https:\/\/www.kindergarten-pusteblume.de\/WordPress_01\/index.php?rest_route=\/wp\/v2\/types\/page"}],"author":[{"embeddable":true,"href":"https:\/\/www.kindergarten-pusteblume.de\/WordPress_01\/index.php?rest_route=\/wp\/v2\/users\/5"}],"replies":[{"embeddable":true,"href":"https:\/\/www.kindergarten-pusteblume.de\/WordPress_01\/index.php?rest_route=%2Fwp%2Fv2%2Fcomments&post=1240"}],"version-history":[{"count":6,"href":"https:\/\/www.kindergarten-pusteblume.de\/WordPress_01\/index.php?rest_route=\/wp\/v2\/pages\/1240\/revisions"}],"predecessor-version":[{"id":1252,"href":"https:\/\/www.kindergarten-pusteblume.de\/WordPress_01\/index.php?rest_route=\/wp\/v2\/pages\/1240\/revisions\/1252"}],"wp:attachment":[{"href":"https:\/\/www.kindergarten-pusteblume.de\/WordPress_01\/index.php?rest_route=%2Fwp%2Fv2%2Fmedia&parent=1240"}],"curies":[{"name":"wp","href":"https:\/\/api.w.org\/{rel}","templated":true}]}}