{"id":115,"date":"2020-04-21T06:28:25","date_gmt":"2020-04-21T06:28:25","guid":{"rendered":"https:\/\/www.kindergarten-pusteblume.de\/WordPress_01\/?page_id=115"},"modified":"2026-01-19T08:14:36","modified_gmt":"2026-01-19T08:14:36","slug":"kindergartengeschichte","status":"publish","type":"page","link":"https:\/\/www.kindergarten-pusteblume.de\/WordPress_01\/?page_id=115","title":{"rendered":"Kindergartengeschichte"},"content":{"rendered":"\n<p>Die \u201e<strong>Pusteblume<\/strong>\u201c entstand im Sommer 1985. Einige Eltern hatten sich dazu entschlossen, eine Kindergartengruppe ins Leben zu rufen, die ihren Kindern einen positiven Impuls f\u00fcr diesen Lebensabschnitt bieten sollte.<\/p>\n\n\n\n<p>Grundlage daf\u00fcr war die Bereitschaft dieser Eltern, ein hohes Ma\u00df an Eigeninitiative und Mitbestimmung einzubringen. Kleinere Hindernisse, die sich den Gr\u00fcndungseltern in den Weg stellten, wurden gemeinsam \u00fcberwunden und auch diverse Umz\u00fcge wurden mit vereinten Kr\u00e4ften gemeistert. Es sollte ein Kindergarten F\u00dcR Kinder MIT den Kindern sein. Diese Einstellung wurde bis heute bewahrt und macht die \u201ePusteblume\u201c zu einer \u201eInsel\u201c, auf der unsere Kinder eine gl\u00fcckliche Zeit verbringen d\u00fcrfen, in der sie sich individuell entfalten k\u00f6nnen. So soll eine bestm\u00f6gliche Entwicklung gew\u00e4hrleistet werden.<\/p>\n\n\n\n<p>Die hohe p\u00e4dagogische Qualit\u00e4t unserer Mitarbeiterinnen und die enge Zusammenarbeit mit den Eltern ist ein wichtiger Bestandteil unseres Konzeptes. <\/p>\n\n\n\n<p>Mittlerweile besteht der Kindergarten aus zwei Gruppen \u2013 L\u00d6WENZAHN und SEIDENPFOTE \u2013 mit jeweils maximal 25 Kindern und wird von Land und Gemeinde gef\u00f6rdert, wie jeder \u201enormale\u201c Kindergarten auch.<\/p>\n\n\n\n<p>Es macht viel Spa\u00df sein Engagement im Kindergarten einzubringen, auch in der heutigen, hektischen Zeit. Diese Fr\u00fcchte d\u00fcrfen unsere Kinder ernten.<\/p>\n","protected":false},"excerpt":{"rendered":"<p>Die \u201ePusteblume\u201c entstand im Sommer 1985. Einige Eltern hatten sich dazu entschlossen, eine Kindergartengruppe ins Leben zu rufen, die ihren Kindern einen positiven Impuls f\u00fcr diesen Lebensabschnitt bieten sollte. Grundlage daf\u00fcr war die Bereitschaft dieser Eltern, ein hohes Ma\u00df an Eigeninitiative und Mitbestimmung einzubringen. Kleinere Hindernisse, die sich den Gr\u00fcndungseltern in den Weg stellten, wurden &hellip; <\/p>\n<p class=\"link-more\"><a href=\"https:\/\/www.kindergarten-pusteblume.de\/WordPress_01\/?page_id=115\" class=\"more-link\"><span class=\"screen-reader-text\">\u201eKindergartengeschichte\u201c<\/span> weiterlesen<\/a><\/p>\n","protected":false},"author":5,"featured_media":0,"parent":13,"menu_order":0,"comment_status":"closed","ping_status":"closed","template":"","meta":{"footnotes":""},"_links":{"self":[{"href":"https:\/\/www.kindergarten-pusteblume.de\/WordPress_01\/index.php?rest_route=\/wp\/v2\/pages\/115"}],"collection":[{"href":"https:\/\/www.kindergarten-pusteblume.de\/WordPress_01\/index.php?rest_route=\/wp\/v2\/pages"}],"about":[{"href":"https:\/\/www.kindergarten-pusteblume.de\/WordPress_01\/index.php?rest_route=\/wp\/v2\/types\/page"}],"author":[{"embeddable":true,"href":"https:\/\/www.kindergarten-pusteblume.de\/WordPress_01\/index.php?rest_route=\/wp\/v2\/users\/5"}],"replies":[{"embeddable":true,"href":"https:\/\/www.kindergarten-pusteblume.de\/WordPress_01\/index.php?rest_route=%2Fwp%2Fv2%2Fcomments&post=115"}],"version-history":[{"count":3,"href":"https:\/\/www.kindergarten-pusteblume.de\/WordPress_01\/index.php?rest_route=\/wp\/v2\/pages\/115\/revisions"}],"predecessor-version":[{"id":1316,"href":"https:\/\/www.kindergarten-pusteblume.de\/WordPress_01\/index.php?rest_route=\/wp\/v2\/pages\/115\/revisions\/1316"}],"up":[{"embeddable":true,"href":"https:\/\/www.kindergarten-pusteblume.de\/WordPress_01\/index.php?rest_route=\/wp\/v2\/pages\/13"}],"wp:attachment":[{"href":"https:\/\/www.kindergarten-pusteblume.de\/WordPress_01\/index.php?rest_route=%2Fwp%2Fv2%2Fmedia&parent=115"}],"curies":[{"name":"wp","href":"https:\/\/api.w.org\/{rel}","templated":true}]}}